{"id":197,"date":"2014-09-07T09:49:02","date_gmt":"2014-09-07T07:49:02","guid":{"rendered":"http:\/\/p234690.mittwaldserver.info\/wordpress\/?page_id=2"},"modified":"2026-01-24T12:53:57","modified_gmt":"2026-01-24T11:53:57","slug":"praxisteam","status":"publish","type":"page","link":"https:\/\/www.kleintierpraxis-rahden.de\/index.php\/praxisteam\/","title":{"rendered":"Praxisteam"},"content":{"rendered":"\n<figure class=\"wp-block-image size-full\"><a href=\"https:\/\/www.kleintierpraxis-rahden.de\/wp-content\/uploads\/2026\/01\/Bild_Praxisteam_Gruppe.png\"><img loading=\"lazy\" decoding=\"async\" width=\"920\" height=\"940\" src=\"https:\/\/www.kleintierpraxis-rahden.de\/wp-content\/uploads\/2026\/01\/Bild_Praxisteam_Gruppe.png\" alt=\"\" class=\"wp-image-8218\" srcset=\"https:\/\/www.kleintierpraxis-rahden.de\/wp-content\/uploads\/2026\/01\/Bild_Praxisteam_Gruppe.png 920w, https:\/\/www.kleintierpraxis-rahden.de\/wp-content\/uploads\/2026\/01\/Bild_Praxisteam_Gruppe-294x300.png 294w, https:\/\/www.kleintierpraxis-rahden.de\/wp-content\/uploads\/2026\/01\/Bild_Praxisteam_Gruppe-768x785.png 768w, https:\/\/www.kleintierpraxis-rahden.de\/wp-content\/uploads\/2026\/01\/Bild_Praxisteam_Gruppe-100x102.png 100w, https:\/\/www.kleintierpraxis-rahden.de\/wp-content\/uploads\/2026\/01\/Bild_Praxisteam_Gruppe-150x153.png 150w, https:\/\/www.kleintierpraxis-rahden.de\/wp-content\/uploads\/2026\/01\/Bild_Praxisteam_Gruppe-200x204.png 200w, https:\/\/www.kleintierpraxis-rahden.de\/wp-content\/uploads\/2026\/01\/Bild_Praxisteam_Gruppe-300x307.png 300w, https:\/\/www.kleintierpraxis-rahden.de\/wp-content\/uploads\/2026\/01\/Bild_Praxisteam_Gruppe-450x460.png 450w, https:\/\/www.kleintierpraxis-rahden.de\/wp-content\/uploads\/2026\/01\/Bild_Praxisteam_Gruppe-600x613.png 600w, https:\/\/www.kleintierpraxis-rahden.de\/wp-content\/uploads\/2026\/01\/Bild_Praxisteam_Gruppe-900x920.png 900w\" sizes=\"auto, (max-width: 920px) 100vw, 920px\" \/><\/a><\/figure>\n\n\n\n<div class=\"team\">\n<h2>Dr. med. vet. Linda Oelschl\u00e4ger<\/h2>\n<div class=\"team_bild\"><figure><img loading=\"lazy\" decoding=\"async\" class=\"alignnone\" title=\"Dr. Linda Oelschl\u00e4ger\" src=\"https:\/\/www.kleintierpraxis-rahden.de\/wp-content\/uploads\/2026\/01\/Bild_Praxisteam_Linda.png\" alt=\"Dr. Linda Oelschlaeger\" width=\"147\" height=\"30\"><\/figure><\/div>\n<div class=\"team_textcontainer\">\n<ul>\n<li>Seit 01.07.2017 Praxisinhaberin und -leiterin (\u00dcbernahme von Dr. Rainer Detering)\n<li>Studium der Tiermedizin an der Tier\u00e4rztlichen Hochschule Hannover\n<li>Promotion 2011 am Institut f\u00fcr Tierern\u00e4hrung\n<li>Praktische T\u00e4tigkeit in verschiedenen Tierarztpraxen\n<li>T\u00e4tigkeit in der Kleintierpraxis Rahden w\u00e4hrend der Elternzeit\n<li>Mitglied im bpt (Bundesverband praktizierender Tier\u00e4rzte)\n<\/ul>\n<\/div>\n<div class=\"clearing\">&nbsp;<\/div>\n<\/div>\n\n\n\n<div class=\"team\">\n<h2>Claudia Spreen<\/h2>\n<div class=\"team_bild\"><figure><img decoding=\"async\" title=\"Claudia Spreen\" src=\"https:\/\/www.kleintierpraxis-rahden.de\/wp-content\/uploads\/2026\/01\/Bild_Praxisteam_Claudia.png\" alt=\"Claudia Spreen\"><\/figure><\/div>\n<div class=\"team_textcontainer\">\nSeit dem Jahr 2000 ist sie als Tiermedizinische Fachangestellte in unserer Praxis t\u00e4tig.\nIhr T\u00e4tigkeitsschwerpunkt liegt im Bereich Administration.\nBei Bedarf \u2013 etwa w\u00e4hrend Urlaubs- oder Krankheitsvertretungen \u2013 ist sie flexibel in allen Praxisbereichen einsetzbar.\n<\/div>\n<div class=\"clearing\">&nbsp;<\/div>\n<\/div>\n\n\n\n<div class=\"team\">\n<h2>Jasmin Dreger<\/h2>\n<div class=\"team_bild\"><figure><img decoding=\"async\" title=\"Jasmin Dreger\" src=\"https:\/\/www.kleintierpraxis-rahden.de\/wp-content\/uploads\/2026\/01\/Bild_Praxisteam_Jasmin.png\" alt=Jasmin Dreger\"><\/figure><\/div>\n<div class=\"team_textcontainer\">\nVon 2017 bis 2020 absolvierte sie ihre Ausbildung zur Tiermedizinischen Fachangestellten in dieser Praxis.\nSeit 2020 ist sie als festangestellte Mitarbeiterin Teil unseres Teams.\n<br><br><strong>T\u00e4tigkeitsschwerpunkte:<\/strong>\n<ul>\n<li>Empfang und Anmeldung<\/li>\n<li>Administration<\/li>\n<li>Praxisorganisation<\/li>\n<li>Assistenz in Behandlung und OP<\/li>\n<li>Betreuung der Stationstiere<\/li>\n<li>Labort\u00e4tigkeiten<\/li>\n<\/ul>\n<\/div>\n<div class=\"clearing\">&nbsp;<\/div>\n<\/div>\n\n\n\n<div class=\"team\">\n<h2>Gabriel Reifenscheid<\/h2>\n<div class=\"team_bild\"><figure><img decoding=\"async\" title=\"Gabriel Reifenscheid\" src=\"https:\/\/www.kleintierpraxis-rahden.de\/wp-content\/uploads\/2026\/01\/Bild_Praxisteam_Gabriel.png\" alt=Gabriel Reifenscheid\"><\/figure><\/div>\n<div class=\"team_textcontainer\">\nVor Beginn seiner Ausbildung war er stundenweise als Aushilfe w\u00e4hrend der Sprechzeiten in unserer Praxis t\u00e4tig.\nSeit 2023 absolviert er seine Ausbildung zum Tiermedizinischen Fachangestellten in unserer Praxis.\n<br><br><strong>T\u00e4tigkeitsschwerpunkte:<\/strong>\n<ul>\n<li>Empfang und Anmeldung<\/li>\n<li>Assistenz in Behandlung und OP<\/li>\n<li>Betreuung der Stationstiere<\/li>\n<li>Labort\u00e4tigkeiten<\/li>\n<\/div>\n<div class=\"clearing\">&nbsp;<\/div>\n<\/div>\n\n\n\n<p><\/p>\n","protected":false},"excerpt":{"rendered":"<p>Dr. med. vet. Linda Oelschl\u00e4ger Seit 01.07.2017 Praxisinhaberin und -leiterin (\u00dcbernahme von Dr. Rainer Detering) Studium der Tiermedizin an der Tier\u00e4rztlichen Hochschule Hannover Promotion 2011 am Institut f\u00fcr Tierern\u00e4hrung Praktische T\u00e4tigkeit in verschiedenen Tierarztpraxen T\u00e4tigkeit in der Kleintierpraxis Rahden w\u00e4hrend<span class=\"ellipsis\">&hellip;<\/span><\/p>\n<div class=\"read-more\"><a href=\"https:\/\/www.kleintierpraxis-rahden.de\/index.php\/praxisteam\/\">Weiterlesen \u203a<\/a><\/div>\n<p><!-- end of .read-more --><\/p>\n","protected":false},"author":1,"featured_media":0,"parent":0,"menu_order":2,"comment_status":"closed","ping_status":"closed","template":"sidebar-content-page.php","meta":{"ngg_post_thumbnail":0,"footnotes":""},"class_list":["post-197","page","type-page","status-publish","hentry"],"_links":{"self":[{"href":"https:\/\/www.kleintierpraxis-rahden.de\/index.php\/wp-json\/wp\/v2\/pages\/197","targetHints":{"allow":["GET"]}}],"collection":[{"href":"https:\/\/www.kleintierpraxis-rahden.de\/index.php\/wp-json\/wp\/v2\/pages"}],"about":[{"href":"https:\/\/www.kleintierpraxis-rahden.de\/index.php\/wp-json\/wp\/v2\/types\/page"}],"author":[{"embeddable":true,"href":"https:\/\/www.kleintierpraxis-rahden.de\/index.php\/wp-json\/wp\/v2\/users\/1"}],"replies":[{"embeddable":true,"href":"https:\/\/www.kleintierpraxis-rahden.de\/index.php\/wp-json\/wp\/v2\/comments?post=197"}],"version-history":[{"count":58,"href":"https:\/\/www.kleintierpraxis-rahden.de\/index.php\/wp-json\/wp\/v2\/pages\/197\/revisions"}],"predecessor-version":[{"id":8242,"href":"https:\/\/www.kleintierpraxis-rahden.de\/index.php\/wp-json\/wp\/v2\/pages\/197\/revisions\/8242"}],"wp:attachment":[{"href":"https:\/\/www.kleintierpraxis-rahden.de\/index.php\/wp-json\/wp\/v2\/media?parent=197"}],"curies":[{"name":"wp","href":"https:\/\/api.w.org\/{rel}","templated":true}]}}